{"id":3,"date":"2024-07-03T14:37:25","date_gmt":"2024-07-03T12:37:25","guid":{"rendered":"http:\/\/salon-campingcar-rochefort.fr\/?page_id=3"},"modified":"2025-10-22T11:57:38","modified_gmt":"2025-10-22T09:57:38","slug":"mentions-legales","status":"publish","type":"page","link":"https:\/\/expocamping-car17.fr\/index.php\/mentions-legales\/","title":{"rendered":"mentions-l\u00e9gales"},"content":{"rendered":"<div class=\"wpb-content-wrapper\"><p>[vc_row][vc_column][vc_custom_heading text=\u00a0\u00bbQui sommes-nous ?\u00a0\u00bb font_container=\u00a0\u00bbtag:h2|text_align:left|color:%236ac7f1&Prime; google_fonts=\u00a0\u00bbfont_family:Roboto%3A100%2C100italic%2C300%2C300italic%2Cregular%2Citalic%2C500%2C500italic%2C700%2C700italic%2C900%2C900italic|font_style:500%20bold%20regular%3A500%3Anormal\u00a0\u00bb css=\u00a0\u00bb\u00a0\u00bb][vc_column_text css=\u00a0\u00bb\u00a0\u00bb]<\/p>\r\n<p>L\u2019adresse de notre site est : https:\/\/expocamping-car17.fr\/<\/p>\r\n\r\n<p>Propri\u00e9taire \/ Editeur : Monsieur Pascal JOUSSEMET\u00a0<\/p>\r\n<p><strong>Raison sociale\u00a0<\/strong>:\u00a0<\/p>\r\n<p><strong>Adresse<\/strong> : <a class=\"ui-a-alt\" href=\"https:\/\/www.societe.com\/entreprises\/AVENUE%20DE%20BEL%20AIR\/17310_SAINT%20PIERRE%20D%20OLERON.html\">89 AVENUE DE BEL AIR, 17310 SAINT-PIERRE-D&rsquo;OLERON<\/a><\/p>\r\n<p><strong>Siret<\/strong> :90143213800021<\/p>\r\n<p><strong>H\u00e9bergement<\/strong><\/p>\r\n<p>Ce site est h\u00e9berg\u00e9 sur les serveurs de la soci\u00e9t\u00e9 OVH.<\/p>\r\n<p><a href=\"https:\/\/www.societe.com\/entreprises\/2_rue%20kellermann\/59100_ROUBAIX.html\">2 RUE KELLERMANN 59100 ROUBAIX<\/a><\/p>\r\n<p>R\u00e9alisation graphique et technique<\/p>\r\n<p><strong>Agence quinZen<\/strong><br \/>25 rue Auguste Limouzy \u2013 11100 Narbonne.<\/p>\r\n<p>E-mail\u00a0: contact@quinzen.fr<\/p>\r\n<p><strong>Contenu<\/strong><\/p>\r\n<p>Toute reproduction, modification, publication de tout ou partie des \u00e9l\u00e9ments du site, quel que soit le moyen ou le proc\u00e9d\u00e9 utilis\u00e9, est interdite, conform\u00e9ment aux dispositions des articles L.335-2 du Code de Propri\u00e9t\u00e9 Intellectuelle, sauf autorisation \u00e9crite pr\u00e9alable du propri\u00e9taire du site.<\/p>\r\n<p><strong>Donn\u00e9es personnelles<\/strong><\/p>\r\n<p>Aucune information personnelle n\u2019est collect\u00e9e \u00e0 votre insu et\/ou c\u00e9d\u00e9e \u00e0 des tiers.<\/p>\r\n<p>Conform\u00e9ment \u00e0 la Loi informatique et libert\u00e9s, vous disposez d\u2019un droit d\u2019acc\u00e8s, de rectification et d\u2019opposition aux donn\u00e9es vous concernant. A ces fins vous pouvez contacter le Webmaster du site\u00a0: contact@quinzen.fr<\/p>\r\n<p><strong>Cookies et Statistiques<\/strong><\/p>\r\n<p>Nous utilisons des cookies pour am\u00e9liorer l\u2019exp\u00e9rience utilisateur et analyser le trafic sur notre site web. Ces raisons pourront nous amener \u00e0 partager des donn\u00e9es concernant votre utilisation du site avec nos soci\u00e9t\u00e9s d\u2019analyses.<\/p>\r\n<p>Lorsque vous vous connectez, nous trouvons \u00e9galement plusieurs cookies pour enregistrer de nombreuses informations de connexion et vos choix d\u2019affichage \u00e0 l\u2019\u00e9cran. Les cookies de connexion durent deux jours et les cookies d\u2019options d\u2019\u00e9cran durent un an.<\/p>\r\n<p>&nbsp;<\/p>\r\n<p><strong>Formulaires en ligne<\/strong><\/p>\r\n<p>La plupart des informations fournies dans le formulaire en ligne sont obligatoires.<\/p>\r\n<p>Elles font l\u2019objet d\u2019un traitement informatis\u00e9 par le gestionnaire du site et sont destin\u00e9es :<\/p>\r\n<ul>\r\n<li><strong>A l\u2019activit\u00e9 du propri\u00e9taire\/\u00e9diteur<\/strong><\/li>\r\n<li><strong>Au public souhaitant s\u2019informer de l\u2019existence d\u2019un fichier dans les conditions pr\u00e9vues \u00e0 l\u2019article 31 de la loi du 6 janvier 1978 modifi\u00e9e.<\/strong><\/li>\r\n<\/ul>\r\n<p>Vous pouvez exercer votre droit d\u2019acc\u00e8s et de rectification aux informations vous concernant en \u00e9crivant \u00e0 l\u2019adresse suivante\u00a0: quinZen \u2013 Service donn\u00e9es \u2013 25 rue Auguste Limouzy \u2013 11100 Narbonne<\/p>\r\n\r\n\r\n\r\n<h2 class=\"wp-block-heading\">Transmission de vos donn\u00e9es personnelles<\/h2>\r\n\r\n<p><strong class=\"privacy-policy-tutorial\">\u00a0<\/strong>Les commentaires des visiteurs peuvent \u00eatre v\u00e9rifi\u00e9s \u00e0 l\u2019aide d\u2019un service automatis\u00e9 de d\u00e9tection des commentaires ind\u00e9sirables.<\/p>\r\n<p>\u00a0<\/p>\r\n<p>[\/vc_column_text][\/vc_column][\/vc_row]<\/p><\/div>","protected":false},"excerpt":{"rendered":"<p>[vc_row][vc_column][vc_custom_heading text=\u00a0\u00bbQui sommes-nous ?\u00a0\u00bb font_container=\u00a0\u00bbtag:h2|text_align:left|color:%236ac7f1&Prime; google_fonts=\u00a0\u00bbfont_family:Roboto%3A100%2C100italic%2C300%2C300italic%2Cregular%2Citalic%2C500%2C500italic%2C700%2C700italic%2C900%2C900italic|font_style:500%20bold%20regular%3A500%3Anormal\u00a0\u00bb css=\u00a0\u00bb\u00a0\u00bb][vc_column_text css=\u00a0\u00bb\u00a0\u00bb] L\u2019adresse de notre site est : https:\/\/expocamping-car17.fr\/ Propri\u00e9taire \/ Editeur : Monsieur Pascal JOUSSEMET\u00a0 Raison sociale\u00a0:\u00a0 Adresse : 89 AVENUE DE BEL AIR, 17310 SAINT-PIERRE-D&rsquo;OLERON Siret :90143213800021 H\u00e9bergement Ce site est h\u00e9berg\u00e9 sur les serveurs de la soci\u00e9t\u00e9 OVH. 2 RUE KELLERMANN 59100 ROUBAIX R\u00e9alisation graphique et technique Agence quinZen25 rue Auguste Limouzy \u2013 [&hellip;]<\/p>\n","protected":false},"author":1,"featured_media":0,"parent":0,"menu_order":0,"comment_status":"closed","ping_status":"open","template":"","meta":{"footnotes":""},"class_list":["post-3","page","type-page","status-publish","hentry"],"yoast_head":"<!-- This site is optimized with the Yoast SEO plugin v24.8.1 - https:\/\/yoast.com\/wordpress\/plugins\/seo\/ -->\n<title>MENTIONS LEGALES | EXPO CAMPING-CAR 17<\/title>\n<meta name=\"description\" content=\"Mentions l\u00e9gales, RGPD et politique de confidentialit\u00e9 pour le salon du camping-car de Rochefort. Toutes les infos l\u00e9gales.\" \/>\n<meta name=\"robots\" content=\"index, follow, max-snippet:-1, max-image-preview:large, max-video-preview:-1\" \/>\n<link rel=\"canonical\" href=\"https:\/\/expocamping-car17.fr\/index.php\/mentions-legales\/\" \/>\n<meta property=\"og:locale\" content=\"fr_FR\" \/>\n<meta property=\"og:type\" content=\"article\" \/>\n<meta property=\"og:title\" content=\"MENTIONS LEGALES | EXPO CAMPING-CAR 17\" \/>\n<meta property=\"og:description\" content=\"Mentions l\u00e9gales, RGPD et politique de confidentialit\u00e9 pour le salon du camping-car de Rochefort. Toutes les infos l\u00e9gales.\" \/>\n<meta property=\"og:url\" content=\"https:\/\/expocamping-car17.fr\/index.php\/mentions-legales\/\" \/>\n<meta property=\"og:site_name\" content=\"Expo Camping-car 17\" \/>\n<meta property=\"article:publisher\" content=\"https:\/\/www.facebook.com\/profile.php?id=61561766056102\" \/>\n<meta property=\"article:modified_time\" content=\"2025-10-22T09:57:38+00:00\" \/>\n<meta name=\"twitter:card\" content=\"summary_large_image\" \/>\n<meta name=\"twitter:label1\" content=\"Dur\u00e9e de lecture estim\u00e9e\" \/>\n\t<meta name=\"twitter:data1\" content=\"2 minutes\" \/>\n<script type=\"application\/ld+json\" class=\"yoast-schema-graph\">{\"@context\":\"https:\/\/schema.org\",\"@graph\":[{\"@type\":\"WebPage\",\"@id\":\"https:\/\/expocamping-car17.fr\/index.php\/mentions-legales\/\",\"url\":\"https:\/\/expocamping-car17.fr\/index.php\/mentions-legales\/\",\"name\":\"MENTIONS LEGALES | EXPO CAMPING-CAR 17\",\"isPartOf\":{\"@id\":\"https:\/\/expocamping-car17.fr\/#website\"},\"datePublished\":\"2024-07-03T12:37:25+00:00\",\"dateModified\":\"2025-10-22T09:57:38+00:00\",\"description\":\"Mentions l\u00e9gales, RGPD et politique de confidentialit\u00e9 pour le salon du camping-car de Rochefort. Toutes les infos l\u00e9gales.\",\"breadcrumb\":{\"@id\":\"https:\/\/expocamping-car17.fr\/index.php\/mentions-legales\/#breadcrumb\"},\"inLanguage\":\"fr-FR\",\"potentialAction\":[{\"@type\":\"ReadAction\",\"target\":[\"https:\/\/expocamping-car17.fr\/index.php\/mentions-legales\/\"]}]},{\"@type\":\"BreadcrumbList\",\"@id\":\"https:\/\/expocamping-car17.fr\/index.php\/mentions-legales\/#breadcrumb\",\"itemListElement\":[{\"@type\":\"ListItem\",\"position\":1,\"name\":\"Accueil\",\"item\":\"https:\/\/expocamping-car17.fr\/\"},{\"@type\":\"ListItem\",\"position\":2,\"name\":\"mentions-l\u00e9gales\"}]},{\"@type\":\"WebSite\",\"@id\":\"https:\/\/expocamping-car17.fr\/#website\",\"url\":\"https:\/\/expocamping-car17.fr\/\",\"name\":\"Salon du camping-car de Rochefort\",\"description\":\"Une grande expo de camping-cars en Charente Maritime\",\"publisher\":{\"@id\":\"https:\/\/expocamping-car17.fr\/#organization\"},\"potentialAction\":[{\"@type\":\"SearchAction\",\"target\":{\"@type\":\"EntryPoint\",\"urlTemplate\":\"https:\/\/expocamping-car17.fr\/?s={search_term_string}\"},\"query-input\":{\"@type\":\"PropertyValueSpecification\",\"valueRequired\":true,\"valueName\":\"search_term_string\"}}],\"inLanguage\":\"fr-FR\"},{\"@type\":\"Organization\",\"@id\":\"https:\/\/expocamping-car17.fr\/#organization\",\"name\":\"Salon du camping-car de Rochefort\",\"url\":\"https:\/\/expocamping-car17.fr\/\",\"logo\":{\"@type\":\"ImageObject\",\"inLanguage\":\"fr-FR\",\"@id\":\"https:\/\/expocamping-car17.fr\/#\/schema\/logo\/image\/\",\"url\":\"https:\/\/salon-campingcar-rochefort.fr\/wp-content\/uploads\/2024\/07\/logo-expo-CC-rochefort6.png\",\"contentUrl\":\"https:\/\/salon-campingcar-rochefort.fr\/wp-content\/uploads\/2024\/07\/logo-expo-CC-rochefort6.png\",\"width\":502,\"height\":289,\"caption\":\"Salon du camping-car de Rochefort\"},\"image\":{\"@id\":\"https:\/\/expocamping-car17.fr\/#\/schema\/logo\/image\/\"},\"sameAs\":[\"https:\/\/www.facebook.com\/profile.php?id=61561766056102\",\"https:\/\/www.instagram.com\/salon_vdl_rochefort\"]}]}<\/script>\n<!-- \/ Yoast SEO plugin. -->","yoast_head_json":{"title":"MENTIONS LEGALES | EXPO CAMPING-CAR 17","description":"Mentions l\u00e9gales, RGPD et politique de confidentialit\u00e9 pour le salon du camping-car de Rochefort. Toutes les infos l\u00e9gales.","robots":{"index":"index","follow":"follow","max-snippet":"max-snippet:-1","max-image-preview":"max-image-preview:large","max-video-preview":"max-video-preview:-1"},"canonical":"https:\/\/expocamping-car17.fr\/index.php\/mentions-legales\/","og_locale":"fr_FR","og_type":"article","og_title":"MENTIONS LEGALES | EXPO CAMPING-CAR 17","og_description":"Mentions l\u00e9gales, RGPD et politique de confidentialit\u00e9 pour le salon du camping-car de Rochefort. Toutes les infos l\u00e9gales.","og_url":"https:\/\/expocamping-car17.fr\/index.php\/mentions-legales\/","og_site_name":"Expo Camping-car 17","article_publisher":"https:\/\/www.facebook.com\/profile.php?id=61561766056102","article_modified_time":"2025-10-22T09:57:38+00:00","twitter_card":"summary_large_image","twitter_misc":{"Dur\u00e9e de lecture estim\u00e9e":"2 minutes"},"schema":{"@context":"https:\/\/schema.org","@graph":[{"@type":"WebPage","@id":"https:\/\/expocamping-car17.fr\/index.php\/mentions-legales\/","url":"https:\/\/expocamping-car17.fr\/index.php\/mentions-legales\/","name":"MENTIONS LEGALES | EXPO CAMPING-CAR 17","isPartOf":{"@id":"https:\/\/expocamping-car17.fr\/#website"},"datePublished":"2024-07-03T12:37:25+00:00","dateModified":"2025-10-22T09:57:38+00:00","description":"Mentions l\u00e9gales, RGPD et politique de confidentialit\u00e9 pour le salon du camping-car de Rochefort. Toutes les infos l\u00e9gales.","breadcrumb":{"@id":"https:\/\/expocamping-car17.fr\/index.php\/mentions-legales\/#breadcrumb"},"inLanguage":"fr-FR","potentialAction":[{"@type":"ReadAction","target":["https:\/\/expocamping-car17.fr\/index.php\/mentions-legales\/"]}]},{"@type":"BreadcrumbList","@id":"https:\/\/expocamping-car17.fr\/index.php\/mentions-legales\/#breadcrumb","itemListElement":[{"@type":"ListItem","position":1,"name":"Accueil","item":"https:\/\/expocamping-car17.fr\/"},{"@type":"ListItem","position":2,"name":"mentions-l\u00e9gales"}]},{"@type":"WebSite","@id":"https:\/\/expocamping-car17.fr\/#website","url":"https:\/\/expocamping-car17.fr\/","name":"Salon du camping-car de Rochefort","description":"Une grande expo de camping-cars en Charente Maritime","publisher":{"@id":"https:\/\/expocamping-car17.fr\/#organization"},"potentialAction":[{"@type":"SearchAction","target":{"@type":"EntryPoint","urlTemplate":"https:\/\/expocamping-car17.fr\/?s={search_term_string}"},"query-input":{"@type":"PropertyValueSpecification","valueRequired":true,"valueName":"search_term_string"}}],"inLanguage":"fr-FR"},{"@type":"Organization","@id":"https:\/\/expocamping-car17.fr\/#organization","name":"Salon du camping-car de Rochefort","url":"https:\/\/expocamping-car17.fr\/","logo":{"@type":"ImageObject","inLanguage":"fr-FR","@id":"https:\/\/expocamping-car17.fr\/#\/schema\/logo\/image\/","url":"https:\/\/salon-campingcar-rochefort.fr\/wp-content\/uploads\/2024\/07\/logo-expo-CC-rochefort6.png","contentUrl":"https:\/\/salon-campingcar-rochefort.fr\/wp-content\/uploads\/2024\/07\/logo-expo-CC-rochefort6.png","width":502,"height":289,"caption":"Salon du camping-car de Rochefort"},"image":{"@id":"https:\/\/expocamping-car17.fr\/#\/schema\/logo\/image\/"},"sameAs":["https:\/\/www.facebook.com\/profile.php?id=61561766056102","https:\/\/www.instagram.com\/salon_vdl_rochefort"]}]}},"_links":{"self":[{"href":"https:\/\/expocamping-car17.fr\/index.php\/wp-json\/wp\/v2\/pages\/3","targetHints":{"allow":["GET"]}}],"collection":[{"href":"https:\/\/expocamping-car17.fr\/index.php\/wp-json\/wp\/v2\/pages"}],"about":[{"href":"https:\/\/expocamping-car17.fr\/index.php\/wp-json\/wp\/v2\/types\/page"}],"author":[{"embeddable":true,"href":"https:\/\/expocamping-car17.fr\/index.php\/wp-json\/wp\/v2\/users\/1"}],"replies":[{"embeddable":true,"href":"https:\/\/expocamping-car17.fr\/index.php\/wp-json\/wp\/v2\/comments?post=3"}],"version-history":[{"count":4,"href":"https:\/\/expocamping-car17.fr\/index.php\/wp-json\/wp\/v2\/pages\/3\/revisions"}],"predecessor-version":[{"id":608,"href":"https:\/\/expocamping-car17.fr\/index.php\/wp-json\/wp\/v2\/pages\/3\/revisions\/608"}],"wp:attachment":[{"href":"https:\/\/expocamping-car17.fr\/index.php\/wp-json\/wp\/v2\/media?parent=3"}],"curies":[{"name":"wp","href":"https:\/\/api.w.org\/{rel}","templated":true}]}}